{"id":12311,"date":"2022-10-26T21:20:05","date_gmt":"2022-10-27T01:20:05","guid":{"rendered":"https:\/\/projecthermes.wpengine.com\/cookie-notice\/"},"modified":"2025-02-26T17:08:06","modified_gmt":"2025-02-26T21:08:06","slug":"cookie-notice","status":"publish","type":"page","link":"https:\/\/innovation.interac.ca\/fr\/cookie-notice\/","title":{"rendered":"Avis sur les t\u00e9moins"},"content":{"rendered":"<div class=\"wpb-content-wrapper\"><section class=\"l-section wpb_row height_medium\"><div class=\"l-section-h i-cf\"><div class=\"g-cols vc_row via_flex valign_top type_default stacking_default\"><div class=\"vc_col-sm-12 wpb_column vc_column_container\"><div class=\"vc_column-inner\"><div class=\"wpb_wrapper\"><div class=\"wpb_text_column\"><div class=\"wpb_wrapper\"><h1>Centre d\u2019innovation Interac \u2013 Avis sur les t\u00e9moins<\/h1>\n<p><strong>Introduction<\/strong><\/p>\n<p>Le pr\u00e9sent Avis sur les t\u00e9moins a pour but de vous fournir des renseignements sur la mani\u00e8re dont Innovation.interac.ca (\u00ab\u00a0Interac\u00a0\u00bb, \u00ab\u00a0nous\u00a0\u00bb) utilise des t\u00e9moins et d\u2019autres technologies similaires (y compris des pixels, des marqueurs et des plugiciels sociaux) lorsque vous visitez ce site Web (le \u00ab\u00a0site\u00a0\u00bb), ainsi que sur leur r\u00f4le et la mani\u00e8re de les contr\u00f4ler.<\/p>\n<p>Les t\u00e9moins et autres technologies similaires nous permettent de recueillir de l\u2019information sur vous et sur votre utilisation de nos sites afin de vous offrir les produits et services Interac les plus pertinents.<\/p>\n<p>\u00c0 l\u2019exception des t\u00e9moins essentiels (d\u00e9finis dans le tableau ci-dessous), nous n\u2019activerons aucune technologie de suivi sur le Web dans nos sites \u00e0 moins que vous n\u2019acceptiez express\u00e9ment leur utilisation dans la banni\u00e8re de consentement \u00e0 l\u2019utilisation de t\u00e9moins ou que vous n\u2019activiez les t\u00e9moins non essentiels au moyen de l\u2019outil de gestion des t\u00e9moins.<\/p>\n<p>Pour plus de renseignements sur la mani\u00e8re dont nous traitons les renseignements personnels recueillis par les t\u00e9moins et les technologies de suivi sur le Web, veuillez consulter notre Avis sur la protection des renseignements personnels.<\/p>\n<p><strong>Qu\u2019est-ce qu\u2019un t\u00e9moin?<\/strong><\/p>\n<p>Un t\u00e9moin est un petit fichier qui est transmis d\u2019un site Web \u00e0 l\u2019ordinateur ou l\u2019appareil mobile d\u2019un utilisateur. Le t\u00e9moin est utilis\u00e9 pour enregistrer de l\u2019information au sujet de l\u2019interaction entre votre ordinateur ou votre appareil mobile et le site Web que vous visitez. Le fichier t\u00e9moin est automatiquement stock\u00e9 par votre navigateur (p.\u00a0ex., Google, Safari, Internet Explorer ou Firefox) sur le disque dur local, et peut \u00eatre r\u00e9cup\u00e9r\u00e9 par le site Web. Les t\u00e9moins servent \u00e9galement \u00e0 g\u00e9rer vos pr\u00e9f\u00e9rences et votre travail en cours (p.\u00a0ex., les articles dans votre chariot de magasinage en ligne).<\/p>\n<p>Vous pourrez en apprendre davantage sur les t\u00e9moins et le suivi sur le Web aupr\u00e8s du <a href=\"https:\/\/www.priv.gc.ca\/fr\/sujets-lies-a-la-protection-de-la-vie-privee\/technologie\/protection-de-la-vie-privee-en-ligne-surveillance-et-temoins\/temoins\/02_05_d_49\/\">Commissariat \u00e0 la protection de la vie priv\u00e9e du Canada<\/a>.<\/p>\n<p>Les t\u00e9moins et autres technologies similaires que nous utilisons sont cr\u00e9\u00e9s et mis en \u0153uvre par Interac et par des fournisseurs de services tiers. Les technologies que nous utilisons sur notre site, de m\u00eame que les raisons pour lesquelles nous les utilisons, sont d\u00e9crites dans les sections qui suivent.<\/p>\n<p><strong>Quels sont les t\u00e9moins utilis\u00e9s et pour quelles raisons?<\/strong><\/p>\n<ol>\n<li><strong> T\u00e9moins essentiels<\/strong><br \/>\nCes t\u00e9moins sont essentiels pour la fonctionnalit\u00e9 de notre site, car ils activent les caract\u00e9ristiques de base du site (y compris le stockage de l\u2019\u00e9tat de connexion de l\u2019utilisateur et le stockage des param\u00e8tres de confidentialit\u00e9 choisis par l\u2019utilisateur). Les t\u00e9moins essentiels ne recueillent pas de renseignements sur vous dans le but de les utiliser \u00e0 des fins de commercialisation, et ils ne m\u00e9morisent pas vos renseignements de navigation sur l\u2019Internet Puisque ces t\u00e9moins sont essentiels au fonctionnement de notre site, vous consentez automatiquement \u00e0 ce qu\u2019ils soient utilis\u00e9s dans ce but lorsque vous utilisez notre site.Le tableau suivant pr\u00e9sente les outils essentiels qui sont utilis\u00e9s dans l\u2019ensemble de notre site et peuvent \u00eatre mis \u00e0 jour de temps \u00e0 autre.<\/p>\n<div class=\"hack-table-wrapper hack-table-wrapper-3\">\n<table style=\"display: block; overflow-y: scroll; border: none;\" border=\"\" width=\"100%\">\n<tbody>\n<tr>\n<td><strong>Titre<\/strong><\/td>\n<td><strong>Cat\u00e9gorie<\/strong><\/td>\n<td><strong>Type<\/strong><\/td>\n<td><strong>Description<\/strong><\/td>\n<\/tr>\n<tr>\n<td>WordPress<\/td>\n<td>Essentiel<\/td>\n<td>Temporaire<\/td>\n<td>T\u00e9moins essentiels et fonctionnels utilis\u00e9s pour permettre aux utilisateurs d\u2019ouvrir une session dans un site et de demeurer d\u00e9connect\u00e9s d\u2019un site.<\/td>\n<\/tr>\n<tr>\n<td>WordPress Logged In<\/td>\n<td>Essentiel<\/td>\n<td>Temporaire<\/td>\n<td>T\u00e9moins essentiels et fonctionnels utilis\u00e9s pour permettre aux utilisateurs d\u2019ouvrir une session dans un site et de demeurer d\u00e9connect\u00e9s d\u2019un site; ces t\u00e9moins permettent \u00e0 l\u2019interface de vous reconna\u00eetre en tant qu\u2019utilisateur connect\u00e9 et de d\u00e9terminer le compte et les pr\u00e9f\u00e9rences \u00e0 utiliser pour diverses fonctions.<\/td>\n<\/tr>\n<tr>\n<td>GDPR Cookie Consent\u00a0: CookieLawInfoConsent<\/td>\n<td>Essentiel<\/td>\n<td>Persistant<\/td>\n<td>Enregistrent l\u2019\u00e9tat par d\u00e9faut des boutons de la cat\u00e9gorie correspondante et l\u2019\u00e9tat des valeurs de la CCPA. Ils fonctionnent uniquement en coordination avec les t\u00e9moins de base (GDPR Cookie Consent: viewed_cookie_policy).<\/td>\n<\/tr>\n<tr>\n<td>GDPR Cookie Consent : cookielawinfo-checkbox-essential<\/td>\n<td>Essentiel<\/td>\n<td>Persistant<\/td>\n<td>T\u00e9moins d\u00e9finis par le plugiciel GDPR Cookie Consent pour enregistrer le consentement de l\u2019utilisateur \u00e0 l\u2019utilisation des t\u00e9moins essentiels.<\/td>\n<\/tr>\n<tr>\n<td>GDPR Cookie Consent : viewed_cookie_policy<\/td>\n<td>Essentiel<\/td>\n<td>Persistant<\/td>\n<td>T\u00e9moins d\u00e9finis par le plugiciel GDPR Cookie Consent pour enregistrer le consentement ou le non-consentement de l\u2019utilisateur \u00e0 l\u2019utilisation des t\u00e9moins. Ils ne conservent pas de donn\u00e9es personnelles.<\/td>\n<\/tr>\n<\/tbody>\n<\/table>\n<\/div>\n<\/li>\n<li><strong> T\u00e9moins non essentiels<\/strong><br \/>\n<strong>a. Rapports et analyses<\/strong><br \/>\nNous utilisons des outils d\u2019analyse et de cr\u00e9ation de rapports pour recueillir des renseignements sur la mani\u00e8re dont les visiteurs utilisent notre site. Ces technologies nous fournissent des donn\u00e9es regroup\u00e9es et anonymes. Le tableau suivant pr\u00e9sente les t\u00e9moins d\u2019analyse et de cr\u00e9ation de rapports qui sont actuellement utilis\u00e9s dans l\u2019ensemble de notre site et peuvent \u00eatre mis \u00e0 jour de temps \u00e0 autre.<\/p>\n<div class=\"hack-table-wrapper hack-table-wrapper-3\">\n<table style=\"display: block; overflow-y: scroll; border: none;\" border=\"\" width=\"100%\">\n<tbody>\n<tr>\n<td><strong>Titre<\/strong><\/td>\n<td><strong>Cat\u00e9gorie<\/strong><\/td>\n<td><strong>Type<\/strong><\/td>\n<td><strong>Description<\/strong><\/td>\n<\/tr>\n<tr>\n<td>Google Analytics\u00a0: _ga<\/td>\n<td>Non essentiel<\/td>\n<td>Persistant<\/td>\n<td>Les t\u00e9moins _ga, install\u00e9s par Google Analytics, calculent les donn\u00e9es sur les visiteurs, les s\u00e9ances et les campagnes, et assurent \u00e9galement le suivi de l\u2019utilisation du site pour le rapport analytique du site. Les t\u00e9moins enregistrent l\u2019information de fa\u00e7on anonyme et attribuent un num\u00e9ro g\u00e9n\u00e9r\u00e9 al\u00e9atoirement pour reconna\u00eetre les visiteurs uniques.<\/td>\n<\/tr>\n<tr>\n<td>Google Analytics\u00a0: _ga_78K957Z1QR<\/td>\n<td>Non essentiel<\/td>\n<td>Persistant<\/td>\n<td>Ces t\u00e9moins sont install\u00e9s par Google Analytics. Ils enregistrent un num\u00e9ro d\u2019identification unique qui est utilis\u00e9 pour g\u00e9n\u00e9rer des donn\u00e9es statistiques sur la fa\u00e7on dont le visiteur utilise le site Web. Ces t\u00e9moins expirent apr\u00e8s un\u00a0jour.<\/td>\n<\/tr>\n<tr>\n<td>Google Analytics\u00a0: _ga_*<\/td>\n<td>Non essentiel<\/td>\n<td>Persistant<\/td>\n<td>Ces t\u00e9moins sont install\u00e9s par Google Analytics. Ils enregistrent et comptent les pages vues sur le site.<\/td>\n<\/tr>\n<\/tbody>\n<\/table>\n<\/div>\n<p><strong>b. T\u00e9moins de personnalisation<\/strong><br \/>\nPour le moment, nous n\u2019utilisons pas de t\u00e9moins pour m\u00e9moriser les choix que vous avez faits ou les renseignements que vous avez fournis, par exemple les mises en page d\u2019\u00e9crans, la pr\u00e9f\u00e9rence linguistique et le pays (\u00ab\u00a0t\u00e9moins de personnalisation\u00a0\u00bb).<\/li>\n<li><strong> Technologies des sites Web de tiers<\/strong><br \/>\nLorsque vous utilisez notre site, il est possible que vous y voyiez du contenu int\u00e9gr\u00e9, notamment des vid\u00e9os YouTube, ou que vous soyez dirig\u00e9 vers d\u2019autres sites Web comme des plateformes de m\u00e9dias sociaux pour partager du contenu, participer \u00e0 des sondages ou remplir des demandes d\u2019emploi. Il est possible que ces sites Web de tiers et le contenu int\u00e9gr\u00e9 utilisent leurs propres t\u00e9moins.Veuillez noter que nous n\u2019avons aucun contr\u00f4le sur l\u2019utilisation de t\u00e9moins par ces sites Web de tiers, m\u00eame si vous y \u00eates redirig\u00e9 \u00e0 partir de notre site. Vous comprendrez que ces sites Web de tiers et leur contenu int\u00e9gr\u00e9 ne sont pas assujettis \u00e0 cet Avis sur les t\u00e9moins, et que nous ne sommes pas responsables de leur contenu ou de leur traitement des donn\u00e9es personnelles.Nous utilisons des outils pour cr\u00e9er une connexion entre votre visite sur notre site et une plateforme de m\u00e9dias sociaux. Ces outils peuvent recueillir de l\u2019information sur vos activit\u00e9s, par exemple, des renseignements sur votre appareil, les pages que vous visitez sur notre site, etc. L\u2019information recueillie peut \u00eatre partag\u00e9e avec le tiers fournisseur de technologies de t\u00e9moins et le tiers fournisseur de la plateforme de r\u00e9seaux sociaux. Le tableau suivant pr\u00e9sente les t\u00e9moins de tiers qui sont actuellement utilis\u00e9s dans l\u2019ensemble de notre site. Ils peuvent \u00eatre mis \u00e0 jour de temps \u00e0 autre.<\/p>\n<div class=\"hack-table-wrapper hack-table-wrapper-3\">\n<table style=\"display: block; overflow-y: scroll; border: none;\" border=\"\" width=\"100%\">\n<tbody>\n<tr>\n<td><strong>Titre<\/strong><\/td>\n<td><strong>Cat\u00e9gorie<\/strong><\/td>\n<td><strong>Type<\/strong><\/td>\n<td><strong>Description<\/strong><\/td>\n<\/tr>\n<tr>\n<td>YOUTUBE.COM\u00a0: YSC<\/td>\n<td>Non essentiel<\/td>\n<td>Persistant<\/td>\n<td>YouTube utilise ces t\u00e9moins pour suivre les visionnements des vid\u00e9os int\u00e9gr\u00e9es sur les pages YouTube.<\/td>\n<\/tr>\n<tr>\n<td>YOUTUBE.COM\u00a0: yt-remote-device-id<\/td>\n<td>Non essentiel<\/td>\n<td>Persistant<\/td>\n<td>YouTube utilise ces t\u00e9moins pour enregistrer les pr\u00e9f\u00e9rences vid\u00e9o de l\u2019utilisateur qui visionne une vid\u00e9o YouTube int\u00e9gr\u00e9e.<\/td>\n<\/tr>\n<tr>\n<td>YOUTUBE.COM\u00a0: yt-remote-connected-devices<\/td>\n<td>Non essentiel<\/td>\n<td>Persistant<\/td>\n<td>YouTube utilise ces t\u00e9moins pour enregistrer les pr\u00e9f\u00e9rences vid\u00e9o de l\u2019utilisateur qui visionne une vid\u00e9o YouTube int\u00e9gr\u00e9e.<\/td>\n<\/tr>\n<tr>\n<td>YOUTUBE.COM\u00a0: CONSENT<\/td>\n<td>Non essentiel<\/td>\n<td>Persistant<\/td>\n<td>YouTube utilise ces t\u00e9moins par l\u2019interm\u00e9diaire de vid\u00e9os YouTube int\u00e9gr\u00e9es pour enregistrer des donn\u00e9es statistiques anonymes.<\/td>\n<\/tr>\n<tr>\n<td>YOUTUBE.COM\u00a0: DEVICE_INFO<\/td>\n<td>Non essentiel<\/td>\n<td>Persistant<\/td>\n<td>YouTube utilise ces t\u00e9moins pour suivre l\u2019interaction de l\u2019utilisateur avec le contenu int\u00e9gr\u00e9.<\/td>\n<\/tr>\n<tr>\n<td>YOUTUBE.COM\u00a0: VISITOR_INFO1_LIVE<\/td>\n<td>Non essentiel<\/td>\n<td>Persistant<\/td>\n<td>YouTube utilise ces t\u00e9moins pour mesurer la bande passante qui d\u00e9termine si l\u2019utilisateur obtient la nouvelle ou l\u2019ancienne interface du lecteur.<\/td>\n<\/tr>\n<tr>\n<td>DoubleClick\u00a0: test_cookie<\/td>\n<td>Non essentiel<\/td>\n<td>Persistant<\/td>\n<td>Doubleclick.net utilise ces t\u00e9moins pour d\u00e9terminer si le navigateur de l\u2019utilisateur prend en charge les t\u00e9moins.<\/td>\n<\/tr>\n<tr>\n<td>YOUTUBE.COM\u00a0: yt.innertube::requests<\/td>\n<td>Non essentiel<\/td>\n<td>Persistant<\/td>\n<td>YouTube utilise ces t\u00e9moins pour stocker des donn\u00e9es sur les vid\u00e9os YouTube qu\u2019un utilisateur a vues au moyen d\u2019un identifiant unique.<\/td>\n<\/tr>\n<tr>\n<td>YOUTUBE.COM\u00a0: yt.innertube::nextId<\/td>\n<td>Non essentiel<\/td>\n<td>Persistant<\/td>\n<td>YouTube utilise ces t\u00e9moins pour stocker des donn\u00e9es sur les vid\u00e9os YouTube qu\u2019un utilisateur a vues au moyen d\u2019un identifiant unique.<\/td>\n<\/tr>\n<\/tbody>\n<\/table>\n<\/div>\n<\/li>\n<\/ol>\n<p><strong>Comment les utilisateurs peuvent-ils contr\u00f4ler et supprimer des t\u00e9moins?<\/strong><\/p>\n<ol>\n<li><strong> Banni\u00e8re de consentement \u00e0 l\u2019utilisation de t\u00e9moins sur notre site<\/strong><br \/>\nLorsque vous acc\u00e9dez \u00e0 notre site, notre banni\u00e8re de consentement \u00e0 l\u2019utilisation de t\u00e9moins s\u2019affiche. Vous pouvez choisir \u00ab\u00a0Autoriser les t\u00e9moins essentiels seulement\u00a0\u00bb ou nous permettre d\u2019utiliser des t\u00e9moins non essentiels en choisissant \u00ab\u00a0Autoriser tous les t\u00e9moins\u00a0\u00bb. Vous pouvez \u00e9galement choisir de \u00ab\u00a0G\u00e9rer les t\u00e9moins\u00a0\u00bb pour \u00eatre dirig\u00e9 vers notre outil de gestion des t\u00e9moins o\u00f9 vous pourrez \u00ab\u00a0activer\u00a0\u00bb ou \u00ab\u00a0d\u00e9sactiver\u00a0\u00bb des t\u00e9moins non essentiels. Lorsque vous choisissez d\u2019activer les t\u00e9moins non essentiels, vous consentez \u00e0 toutes les utilisations futures de t\u00e9moins non essentiels, y compris toutes les mises \u00e0 jour et mises \u00e0 niveau que nous effectuons de temps \u00e0 autre. Si vous choisissez de d\u00e9sactiver les t\u00e9moins non essentiels, il est possible que cela ait un effet sur votre exp\u00e9rience de navigation. Sachez que vous pouvez d\u00e9sactiver des t\u00e9moins non essentiels en tout temps.La banni\u00e8re de consentement \u00e0 l\u2019utilisation de t\u00e9moins s\u2019affiche lorsque i)\u00a0votre appareil acc\u00e8de \u00e0 notre site pour la premi\u00e8re fois ou ii)\u00a0votre appareil acc\u00e8de \u00e0 notre site pour la premi\u00e8re fois apr\u00e8s avoir supprim\u00e9 des t\u00e9moins dans votre navigateur. Vous pouvez acc\u00e9der \u00e0 la banni\u00e8re de consentement \u00e0 l\u2019utilisation de t\u00e9moins, \u00e0 l\u2019outil de gestion des t\u00e9moins et \u00e0 l\u2019Avis sur les t\u00e9moins lorsque vous cliquez sur le lien \u00ab\u00a0<a href=\"https:\/\/www.interac.ca\/fr\/politique-de-confidentialite\/\">Avis sur la protection des renseignements personnels<\/a>\u00a0\u00bb au bas de chacune des pages de nos sites.Veuillez noter que si vous utilisez un appareil partag\u00e9, vous pourriez devoir supprimer des t\u00e9moins dans votre navigateur pour permettre l\u2019affichage de la banni\u00e8re de consentement \u00e0 l\u2019utilisation de t\u00e9moins. Vous ne pouvez pas refuser votre consentement \u00e0 l\u2019utilisation des t\u00e9moins essentiels (pr\u00e9sent\u00e9s dans le tableau ci-dessus) qui permettent d\u2019assurer la fonctionnalit\u00e9 ou la maintenance de nos sites.<\/li>\n<li><strong> Param\u00e8tres de votre navigateur<\/strong><br \/>\nCertains param\u00e8tres de navigateurs Web vous offrent l\u2019option de d\u00e9sactiver les t\u00e9moins et des technologies pour contr\u00f4ler le suivi de vos activit\u00e9s en ligne. Veuillez cependant noter que la d\u00e9sactivation d\u2019un t\u00e9moin ou d\u2019une cat\u00e9gorie de t\u00e9moins peut emp\u00eacher l\u2019affichage appropri\u00e9 de la banni\u00e8re de consentement \u00e0 l\u2019utilisation de t\u00e9moins, et elle ne supprime pas n\u00e9cessairement un t\u00e9moin existant ou une cat\u00e9gorie de t\u00e9moins de votre navigateur \u00e0 moins qu\u2019ils ne soient supprim\u00e9s manuellement par une fonction de votre navigateur.<\/li>\n<li><strong> Refus des services de tiers<\/strong><br \/>\nCertains services de suivi de tiers \u00e9num\u00e9r\u00e9s ci-dessus vous offrent la possibilit\u00e9 de refuser leurs syst\u00e8mes de suivi. Leur politique de confidentialit\u00e9, que vous trouverez sur leur site respectif, vous renseignera davantage sur l\u2019information qu\u2019ils recueillent et la mani\u00e8re de les refuser.<\/li>\n<\/ol>\n<\/div><\/div><\/div><\/div><\/div><\/div><\/div><\/section>\n<\/div>","protected":false},"excerpt":{"rendered":"Centre d\u2019innovation Interac \u2013 Avis sur les t\u00e9moins Introduction Le pr\u00e9sent Avis sur les t\u00e9moins a pour but de vous fournir des renseignements sur la mani\u00e8re dont Innovation.interac.ca (\u00ab\u00a0Interac\u00a0\u00bb, \u00ab\u00a0nous\u00a0\u00bb) utilise des t\u00e9moins et d\u2019autres technologies similaires (y compris des pixels, des marqueurs et des plugiciels sociaux) lorsque vous visitez ce site Web (le \u00ab\u00a0site\u00a0\u00bb),...","protected":false},"author":1,"featured_media":0,"parent":0,"menu_order":0,"comment_status":"closed","ping_status":"closed","template":"","meta":{"_acf_changed":false,"footnotes":""},"class_list":["post-12311","page","type-page","status-publish","hentry"],"acf":[],"yoast_head":"<!-- This site is optimized with the Yoast SEO Premium plugin v27.1 (Yoast SEO v27.1.1) - https:\/\/yoast.com\/product\/yoast-seo-premium-wordpress\/ -->\n<title>Innovation Hub - Avis sur les t\u00e9moins<\/title>\n<meta name=\"robots\" content=\"index, follow, max-snippet:-1, max-image-preview:large, max-video-preview:-1\" \/>\n<link rel=\"canonical\" href=\"https:\/\/innovation.interac.ca\/fr\/cookie-notice\/\" \/>\n<meta property=\"og:locale\" content=\"fr_FR\" \/>\n<meta property=\"og:type\" content=\"article\" \/>\n<meta property=\"og:title\" content=\"Avis sur les t\u00e9moins\" \/>\n<meta property=\"og:url\" content=\"https:\/\/innovation.interac.ca\/fr\/cookie-notice\/\" \/>\n<meta property=\"og:site_name\" content=\"Innovation Hub\" \/>\n<meta property=\"article:publisher\" content=\"https:\/\/www.facebook.com\/interac\" \/>\n<meta property=\"article:modified_time\" content=\"2025-02-26T21:08:06+00:00\" \/>\n<meta name=\"twitter:card\" content=\"summary_large_image\" \/>\n<meta name=\"twitter:site\" content=\"@interac\" \/>\n<meta name=\"twitter:label1\" content=\"Dur\u00e9e de lecture estim\u00e9e\" \/>\n\t<meta name=\"twitter:data1\" content=\"8 minutes\" \/>\n<script type=\"application\/ld+json\" class=\"yoast-schema-graph\">{\"@context\":\"https:\/\/schema.org\",\"@graph\":[{\"@type\":\"WebPage\",\"@id\":\"https:\/\/innovation.interac.ca\/fr\/cookie-notice\/\",\"url\":\"https:\/\/innovation.interac.ca\/fr\/cookie-notice\/\",\"name\":\"Avis sur les t\u00e9moins - Innovation Hub\",\"isPartOf\":{\"@id\":\"https:\/\/innovation.interac.ca\/fr\/#website\"},\"datePublished\":\"2022-10-27T01:20:05+00:00\",\"dateModified\":\"2025-02-26T21:08:06+00:00\",\"breadcrumb\":{\"@id\":\"https:\/\/innovation.interac.ca\/fr\/cookie-notice\/#breadcrumb\"},\"inLanguage\":\"fr-FR\",\"potentialAction\":[{\"@type\":\"ReadAction\",\"target\":[\"https:\/\/innovation.interac.ca\/fr\/cookie-notice\/\"]}]},{\"@type\":\"BreadcrumbList\",\"@id\":\"https:\/\/innovation.interac.ca\/fr\/cookie-notice\/#breadcrumb\",\"itemListElement\":[{\"@type\":\"ListItem\",\"position\":1,\"name\":\"Home\",\"item\":\"https:\/\/innovation.interac.ca\/fr\/\"},{\"@type\":\"ListItem\",\"position\":2,\"name\":\"Avis sur les t\u00e9moins\"}]},{\"@type\":\"WebSite\",\"@id\":\"https:\/\/innovation.interac.ca\/fr\/#website\",\"url\":\"https:\/\/innovation.interac.ca\/fr\/\",\"name\":\"Innovation Hub\",\"description\":\"Innovation Hub\",\"publisher\":{\"@id\":\"https:\/\/innovation.interac.ca\/fr\/#organization\"},\"potentialAction\":[{\"@type\":\"SearchAction\",\"target\":{\"@type\":\"EntryPoint\",\"urlTemplate\":\"https:\/\/innovation.interac.ca\/fr\/?s={search_term_string}\"},\"query-input\":{\"@type\":\"PropertyValueSpecification\",\"valueRequired\":true,\"valueName\":\"search_term_string\"}}],\"inLanguage\":\"fr-FR\"},{\"@type\":\"Organization\",\"@id\":\"https:\/\/innovation.interac.ca\/fr\/#organization\",\"name\":\"Interac\",\"url\":\"https:\/\/innovation.interac.ca\/fr\/\",\"logo\":{\"@type\":\"ImageObject\",\"inLanguage\":\"fr-FR\",\"@id\":\"https:\/\/innovation.interac.ca\/fr\/#\/schema\/logo\/image\/\",\"url\":\"https:\/\/innovation.interac.ca\/wp-content\/uploads\/2023\/11\/Interac_TwoColour_RGB.png\",\"contentUrl\":\"https:\/\/innovation.interac.ca\/wp-content\/uploads\/2023\/11\/Interac_TwoColour_RGB.png\",\"width\":2210,\"height\":2210,\"caption\":\"Interac\"},\"image\":{\"@id\":\"https:\/\/innovation.interac.ca\/fr\/#\/schema\/logo\/image\/\"},\"sameAs\":[\"https:\/\/www.facebook.com\/interac\",\"https:\/\/x.com\/interac\",\"https:\/\/www.youtube.com\/user\/InteracBrand\",\"https:\/\/www.linkedin.com\/company\/interac-corp\/\",\"https:\/\/www.instagram.com\/interac\/\"]}]}<\/script>\n<!-- \/ Yoast SEO Premium plugin. -->","yoast_head_json":{"title":"Innovation Hub - Avis sur les t\u00e9moins","robots":{"index":"index","follow":"follow","max-snippet":"max-snippet:-1","max-image-preview":"max-image-preview:large","max-video-preview":"max-video-preview:-1"},"canonical":"https:\/\/innovation.interac.ca\/fr\/cookie-notice\/","og_locale":"fr_FR","og_type":"article","og_title":"Avis sur les t\u00e9moins","og_url":"https:\/\/innovation.interac.ca\/fr\/cookie-notice\/","og_site_name":"Innovation Hub","article_publisher":"https:\/\/www.facebook.com\/interac","article_modified_time":"2025-02-26T21:08:06+00:00","twitter_card":"summary_large_image","twitter_site":"@interac","twitter_misc":{"Dur\u00e9e de lecture estim\u00e9e":"8 minutes"},"schema":{"@context":"https:\/\/schema.org","@graph":[{"@type":"WebPage","@id":"https:\/\/innovation.interac.ca\/fr\/cookie-notice\/","url":"https:\/\/innovation.interac.ca\/fr\/cookie-notice\/","name":"Avis sur les t\u00e9moins - Innovation Hub","isPartOf":{"@id":"https:\/\/innovation.interac.ca\/fr\/#website"},"datePublished":"2022-10-27T01:20:05+00:00","dateModified":"2025-02-26T21:08:06+00:00","breadcrumb":{"@id":"https:\/\/innovation.interac.ca\/fr\/cookie-notice\/#breadcrumb"},"inLanguage":"fr-FR","potentialAction":[{"@type":"ReadAction","target":["https:\/\/innovation.interac.ca\/fr\/cookie-notice\/"]}]},{"@type":"BreadcrumbList","@id":"https:\/\/innovation.interac.ca\/fr\/cookie-notice\/#breadcrumb","itemListElement":[{"@type":"ListItem","position":1,"name":"Home","item":"https:\/\/innovation.interac.ca\/fr\/"},{"@type":"ListItem","position":2,"name":"Avis sur les t\u00e9moins"}]},{"@type":"WebSite","@id":"https:\/\/innovation.interac.ca\/fr\/#website","url":"https:\/\/innovation.interac.ca\/fr\/","name":"Innovation Hub","description":"Innovation Hub","publisher":{"@id":"https:\/\/innovation.interac.ca\/fr\/#organization"},"potentialAction":[{"@type":"SearchAction","target":{"@type":"EntryPoint","urlTemplate":"https:\/\/innovation.interac.ca\/fr\/?s={search_term_string}"},"query-input":{"@type":"PropertyValueSpecification","valueRequired":true,"valueName":"search_term_string"}}],"inLanguage":"fr-FR"},{"@type":"Organization","@id":"https:\/\/innovation.interac.ca\/fr\/#organization","name":"Interac","url":"https:\/\/innovation.interac.ca\/fr\/","logo":{"@type":"ImageObject","inLanguage":"fr-FR","@id":"https:\/\/innovation.interac.ca\/fr\/#\/schema\/logo\/image\/","url":"https:\/\/innovation.interac.ca\/wp-content\/uploads\/2023\/11\/Interac_TwoColour_RGB.png","contentUrl":"https:\/\/innovation.interac.ca\/wp-content\/uploads\/2023\/11\/Interac_TwoColour_RGB.png","width":2210,"height":2210,"caption":"Interac"},"image":{"@id":"https:\/\/innovation.interac.ca\/fr\/#\/schema\/logo\/image\/"},"sameAs":["https:\/\/www.facebook.com\/interac","https:\/\/x.com\/interac","https:\/\/www.youtube.com\/user\/InteracBrand","https:\/\/www.linkedin.com\/company\/interac-corp\/","https:\/\/www.instagram.com\/interac\/"]}]}},"_links":{"self":[{"href":"https:\/\/innovation.interac.ca\/fr\/wp-json\/wp\/v2\/pages\/12311","targetHints":{"allow":["GET"]}}],"collection":[{"href":"https:\/\/innovation.interac.ca\/fr\/wp-json\/wp\/v2\/pages"}],"about":[{"href":"https:\/\/innovation.interac.ca\/fr\/wp-json\/wp\/v2\/types\/page"}],"author":[{"embeddable":true,"href":"https:\/\/innovation.interac.ca\/fr\/wp-json\/wp\/v2\/users\/1"}],"replies":[{"embeddable":true,"href":"https:\/\/innovation.interac.ca\/fr\/wp-json\/wp\/v2\/comments?post=12311"}],"version-history":[{"count":0,"href":"https:\/\/innovation.interac.ca\/fr\/wp-json\/wp\/v2\/pages\/12311\/revisions"}],"wp:attachment":[{"href":"https:\/\/innovation.interac.ca\/fr\/wp-json\/wp\/v2\/media?parent=12311"}],"curies":[{"name":"wp","href":"https:\/\/api.w.org\/{rel}","templated":true}]}}