{"id":13169,"date":"2024-07-08T10:53:39","date_gmt":"2024-07-08T14:53:39","guid":{"rendered":"https:\/\/projecthermes.wpengine.com\/?page_id=13169"},"modified":"2025-07-18T14:42:06","modified_gmt":"2025-07-18T18:42:06","slug":"guides","status":"publish","type":"page","link":"https:\/\/innovation.interac.ca\/fr\/guides\/","title":{"rendered":"Guides"},"content":{"rendered":"<div class=\"wpb-content-wrapper\"><section class=\"l-section wpb_row height_medium\"><div class=\"l-section-h i-cf\"><div class=\"g-cols vc_row via_flex valign_top type_default stacking_default\"><div class=\"vc_col-sm-12 wpb_column vc_column_container\"><div class=\"vc_column-inner\"><div class=\"wpb_wrapper\"><div class=\"w-tabs layout_hor style_trendy switch_click has_scrolling remove_indents\" style=\"--sections-title-size:1em\" data-accordion-at-width=\"800\"><div class=\"w-tabs-list items_1 align_none\"><div class=\"w-tabs-list-h\"><button class=\"w-tabs-item guides-tabs guides-tabs-fr active\" aria-controls=\"content-r008\" aria-expanded=\"false\"><span class=\"w-tabs-item-title\">Gestion de l\u2019identit\u00e9 et de l\u2019acc\u00e8s des clients<\/span><\/button><\/div><\/div><div class=\"w-tabs-sections titles-align_none icon_chevron cpos_right\"><div class=\"w-tabs-section guides-tabs guides-tabs-fr active\" id=\"r008\"><button class=\"w-tabs-section-header active\" aria-controls=\"content-r008\" aria-expanded=\"true\"><div class=\"w-tabs-section-title\">Gestion de l\u2019identit\u00e9 et de l\u2019acc\u00e8s des clients<\/div><div class=\"w-tabs-section-control\"><\/div><\/button><div  class=\"w-tabs-section-content\" id=\"content-r008\"><div class=\"w-tabs-section-content-h i-cf\"><div class=\"w-grid type_grid layout_52 cols_3\" id=\"us_grid_1\" data-filterable=\"true\"><style>#us_grid_1 .w-grid-item{padding:12px}#us_grid_1 .w-grid-list{margin:-12px}.w-grid + #us_grid_1 .w-grid-list,.w-grid-none + #us_grid_1 .w-grid-list{margin-top:12px}@media (max-width:899px){#us_grid_1 .w-grid-item{width:50%}}@media (max-width:599px){#us_grid_1 .w-grid-list{margin:0}#us_grid_1 .w-grid-item{width:100%;padding:0;margin-bottom:12px}}.layout_52 .w-grid-item-h{}.layout_52 .usg_vwrapper_1{transition-duration:0.3s;transform-origin:50% 50%;transform:scale(1) translate(0%,0%)}.layout_52 .w-grid-item-h:hover .usg_vwrapper_1{transform:scale(1) translate(0%,0%);opacity:1;border-color:var(--color-content-primary)!important}.layout_52 .usg_vwrapper_1{border-radius:0!important;padding:2rem!important;border:1px solid #D2D6E1!important}.layout_52 .usg_post_content_1{font-size:16px!important;line-height:28px!important;min-height:85px!important;margin-bottom:30px!important}.layout_52 .usg_hwrapper_1{margin-bottom:0!important}.layout_52 .usg_post_title_1{font-size:24px!important;line-height:34px!important;font-family:var(--font-h1)!important;margin-bottom:20px!important}<\/style><div class=\"w-grid-list\">\t<article class=\"w-grid-item size_1x1 post-13311 guide type-guide status-publish hentry solution_type-customer-identity-and-access-management-fr\" data-id=\"13311\">\r\n\t\t<div class=\"w-grid-item-h\">\r\n\t\t\t\t\t\t<div class=\"w-vwrapper usg_vwrapper_1 align_none valign_top\"><div class=\"w-post-elm post_title usg_post_title_1 entry-title color_link_inherit\">Cr\u00e9ateur d\u2019organisation g\u00e9r\u00e9e<\/div><div class=\"w-html usg_html_1\"><div class=\"w-post-elm post_taxonomy usg_post_taxonomy_1 yellow-button style_badge color_link_inherit\"><div style=\"pointer-events:none;\" class=\"w-btn us-btn-style_3 term-52 term-interac-e-transfer\" ><span class=\"w-btn-label\">Gestion de l\u2019identit\u00e9 et de l\u2019acc\u00e8s des clients<\/span><\/div><\/div><\/div><div class=\"w-post-elm post_content usg_post_content_1\">D\u00e9couvrez les diverses t\u00e2ches que vous pouvez accomplir avec les organisations<\/div><div class=\"w-hwrapper usg_hwrapper_1 align_none valign_middle\" style=\"--hwrapper-gap:1.20rem\"><a class=\"w-btn us-btn-style_2 usg_btn_1 link-button\" href=\"https:\/\/innovation.interac.ca\/fr\/guide\/org-managers\/\"><span class=\"w-btn-label\">Aper\u00e7u<\/span><\/a><\/div><\/div>\t\t<\/div>\r\n\t<\/article>\r\n\t<article class=\"w-grid-item size_1x1 post-13275 guide type-guide status-publish hentry solution_type-customer-identity-and-access-management-fr\" data-id=\"13275\">\r\n\t\t<div class=\"w-grid-item-h\">\r\n\t\t\t\t\t\t<div class=\"w-vwrapper usg_vwrapper_1 align_none valign_top\"><div class=\"w-post-elm post_title usg_post_title_1 entry-title color_link_inherit\">Administrateur : Gestion Des Utilisateurs<\/div><div class=\"w-html usg_html_1\"><div class=\"w-post-elm post_taxonomy usg_post_taxonomy_1 yellow-button style_badge color_link_inherit\"><div style=\"pointer-events:none;\" class=\"w-btn us-btn-style_3 term-52 term-interac-e-transfer\" ><span class=\"w-btn-label\">Gestion de l\u2019identit\u00e9 et de l\u2019acc\u00e8s des clients<\/span><\/div><\/div><\/div><div class=\"w-post-elm post_content usg_post_content_1\">L\u2019administrateur peut g\u00e9rer les r\u00f4les des utilisateurs, configurer des mots de passe temporaires ou r\u00e9initialiser les cl\u00e9s d\u2019acc\u00e8s<\/div><div class=\"w-hwrapper usg_hwrapper_1 align_none valign_middle\" style=\"--hwrapper-gap:1.20rem\"><a class=\"w-btn us-btn-style_2 usg_btn_1 link-button\" href=\"https:\/\/innovation.interac.ca\/fr\/guide\/gestion-des-utilisateurs\/\"><span class=\"w-btn-label\">Aper\u00e7u<\/span><\/a><\/div><\/div>\t\t<\/div>\r\n\t<\/article>\r\n\t<article class=\"w-grid-item size_1x1 post-13269 guide type-guide status-publish hentry solution_type-customer-identity-and-access-management-fr\" data-id=\"13269\">\r\n\t\t<div class=\"w-grid-item-h\">\r\n\t\t\t\t\t\t<div class=\"w-vwrapper usg_vwrapper_1 align_none valign_top\"><div class=\"w-post-elm post_title usg_post_title_1 entry-title color_link_inherit\">Administrateur : Ajouter un nouveau membre<\/div><div class=\"w-html usg_html_1\"><div class=\"w-post-elm post_taxonomy usg_post_taxonomy_1 yellow-button style_badge color_link_inherit\"><div style=\"pointer-events:none;\" class=\"w-btn us-btn-style_3 term-52 term-interac-e-transfer\" ><span class=\"w-btn-label\">Gestion de l\u2019identit\u00e9 et de l\u2019acc\u00e8s des clients<\/span><\/div><\/div><\/div><div class=\"w-post-elm post_content usg_post_content_1\">Ajouter un nouveau membre \u00e0 l\u2019application<\/div><div class=\"w-hwrapper usg_hwrapper_1 align_none valign_middle\" style=\"--hwrapper-gap:1.20rem\"><a class=\"w-btn us-btn-style_2 usg_btn_1 link-button\" href=\"https:\/\/innovation.interac.ca\/fr\/guide\/ajouter-un-nouveau-membre\/\"><span class=\"w-btn-label\">Aper\u00e7u<\/span><\/a><\/div><\/div>\t\t<\/div>\r\n\t<\/article>\r\n\t<article class=\"w-grid-item size_1x1 post-13732 guide type-guide status-publish hentry solution_type-customer-identity-and-access-management-fr\" data-id=\"13732\">\r\n\t\t<div class=\"w-grid-item-h\">\r\n\t\t\t\t\t\t<div class=\"w-vwrapper usg_vwrapper_1 align_none valign_top\"><div class=\"w-post-elm post_title usg_post_title_1 entry-title color_link_inherit\">Utilisateur : Guide d\u2019inscription et d\u2019ouverture de session<\/div><div class=\"w-html usg_html_1\"><div class=\"w-post-elm post_taxonomy usg_post_taxonomy_1 yellow-button style_badge color_link_inherit\"><div style=\"pointer-events:none;\" class=\"w-btn us-btn-style_3 term-52 term-interac-e-transfer\" ><span class=\"w-btn-label\">Gestion de l\u2019identit\u00e9 et de l\u2019acc\u00e8s des clients<\/span><\/div><\/div><\/div><div class=\"w-post-elm post_content usg_post_content_1\">Instructions pour l\u2019inscription et l\u2019ouverture de session des utilisateurs<\/div><div class=\"w-hwrapper usg_hwrapper_1 align_none valign_middle\" style=\"--hwrapper-gap:1.20rem\"><a class=\"w-btn us-btn-style_2 usg_btn_1 link-button\" href=\"https:\/\/innovation.interac.ca\/fr\/guide\/registration-login-guide\/\"><span class=\"w-btn-label\">Aper\u00e7u<\/span><\/a><\/div><\/div>\t\t<\/div>\r\n\t<\/article>\r\n<\/div><div class=\"w-grid-preloader\"><div class=\"g-preloader type_1\">\r\n\t<div><\/div>\r\n<\/div>\r\n<\/div>\t<div class=\"w-grid-json hidden\" onclick='return {&quot;action&quot;:&quot;us_ajax_grid&quot;,&quot;ajax_url&quot;:&quot;https:\\\/\\\/innovation.interac.ca\\\/wp-admin\\\/admin-ajax.php&quot;,&quot;infinite_scroll&quot;:0,&quot;max_num_pages&quot;:1,&quot;pagination&quot;:&quot;none&quot;,&quot;permalink_url&quot;:&quot;https:\\\/\\\/innovation.interac.ca\\\/fr\\\/wp-json\\\/wp\\\/v2\\\/pages\\\/13169\\\/&quot;,&quot;template_vars&quot;:{&quot;columns&quot;:&quot;3&quot;,&quot;exclude_items&quot;:&quot;none&quot;,&quot;img_size&quot;:&quot;default&quot;,&quot;ignore_items_size&quot;:0,&quot;items_layout&quot;:&quot;52&quot;,&quot;items_offset&quot;:&quot;1&quot;,&quot;load_animation&quot;:&quot;none&quot;,&quot;overriding_link&quot;:&quot;none&quot;,&quot;post_id&quot;:13169,&quot;query_args&quot;:{&quot;post_type&quot;:[&quot;guide&quot;],&quot;tax_query&quot;:[{&quot;taxonomy&quot;:&quot;solution_type&quot;,&quot;field&quot;:&quot;slug&quot;,&quot;terms&quot;:[&quot;customer-identity-and-access-management-fr&quot;]}],&quot;post_status&quot;:[&quot;publish&quot;,&quot;acf-disabled&quot;],&quot;posts_per_page&quot;:&quot;50&quot;},&quot;orderby_query_args&quot;:{&quot;orderby&quot;:{&quot;menu_order&quot;:&quot;DESC&quot;},&quot;order&quot;:&quot;DESC&quot;},&quot;type&quot;:&quot;grid&quot;,&quot;us_grid_ajax_index&quot;:1,&quot;us_grid_filter_params&quot;:null,&quot;us_grid_index&quot;:1,&quot;_us_grid_post_type&quot;:&quot;guide&quot;,&quot;lang&quot;:&quot;fr&quot;}}'><\/div>\r\n\t<\/div><\/div><\/div><\/div><\/div><\/div><\/div><\/div><\/div><\/div><\/div><\/section>\n<\/div>","protected":false},"excerpt":{"rendered":"Processus d\u2019inscription Vous recevrez une invitation par courriel de votre administrateur. Suivez\u00a0le lien Acc\u00e9der ici pour commencer l\u2019inscription. On vous demandera d\u2019entrer votre adresse courriel et un courriel sera envoy\u00e9 \u00e0 votre bo\u00eete aux lettres. Ouvrez le courriel et s\u00e9lectionnez le lien Connexion. Vous serez invit\u00e9 \u00e0 s\u00e9lectionner un autre facteur d\u2019authentification , puis \u00e0...","protected":false},"author":37,"featured_media":0,"parent":0,"menu_order":0,"comment_status":"closed","ping_status":"closed","template":"","meta":{"_acf_changed":false,"footnotes":""},"class_list":["post-13169","page","type-page","status-publish","hentry"],"acf":[],"yoast_head":"<!-- This site is optimized with the Yoast SEO Premium plugin v27.4 (Yoast SEO v27.4) - https:\/\/yoast.com\/product\/yoast-seo-premium-wordpress\/ -->\n<title>Innovation Hub - Utilisateur : Guide d\u2019inscription et d\u2019ouverture de session<\/title>\n<meta name=\"robots\" content=\"index, follow, max-snippet:-1, max-image-preview:large, max-video-preview:-1\" \/>\n<link rel=\"canonical\" href=\"https:\/\/innovation.interac.ca\/fr\/guides\/\" \/>\n<meta property=\"og:locale\" content=\"fr_FR\" \/>\n<meta property=\"og:type\" content=\"article\" \/>\n<meta property=\"og:title\" content=\"Guides\" \/>\n<meta property=\"og:url\" content=\"https:\/\/innovation.interac.ca\/fr\/guides\/\" \/>\n<meta property=\"og:site_name\" content=\"Innovation Hub\" \/>\n<meta property=\"article:publisher\" content=\"https:\/\/www.facebook.com\/interac\" \/>\n<meta property=\"article:modified_time\" content=\"2025-07-18T18:42:06+00:00\" \/>\n<meta name=\"twitter:card\" content=\"summary_large_image\" \/>\n<meta name=\"twitter:site\" content=\"@interac\" \/>\n<meta name=\"twitter:label1\" content=\"Dur\u00e9e de lecture estim\u00e9e\" \/>\n\t<meta name=\"twitter:data1\" content=\"1 minute\" \/>\n<script type=\"application\/ld+json\" class=\"yoast-schema-graph\">{\"@context\":\"https:\\\/\\\/schema.org\",\"@graph\":[{\"@type\":\"WebPage\",\"@id\":\"https:\\\/\\\/innovation.interac.ca\\\/fr\\\/guides\\\/\",\"url\":\"https:\\\/\\\/innovation.interac.ca\\\/fr\\\/guides\\\/\",\"name\":\"Guides - Innovation Hub\",\"isPartOf\":{\"@id\":\"https:\\\/\\\/innovation.interac.ca\\\/fr\\\/#website\"},\"datePublished\":\"2024-07-08T14:53:39+00:00\",\"dateModified\":\"2025-07-18T18:42:06+00:00\",\"breadcrumb\":{\"@id\":\"https:\\\/\\\/innovation.interac.ca\\\/fr\\\/guides\\\/#breadcrumb\"},\"inLanguage\":\"fr-FR\",\"potentialAction\":[{\"@type\":\"ReadAction\",\"target\":[\"https:\\\/\\\/innovation.interac.ca\\\/fr\\\/guides\\\/\"]}]},{\"@type\":\"BreadcrumbList\",\"@id\":\"https:\\\/\\\/innovation.interac.ca\\\/fr\\\/guides\\\/#breadcrumb\",\"itemListElement\":[{\"@type\":\"ListItem\",\"position\":1,\"name\":\"Home\",\"item\":\"https:\\\/\\\/innovation.interac.ca\\\/fr\\\/\"},{\"@type\":\"ListItem\",\"position\":2,\"name\":\"Guides\"}]},{\"@type\":\"WebSite\",\"@id\":\"https:\\\/\\\/innovation.interac.ca\\\/fr\\\/#website\",\"url\":\"https:\\\/\\\/innovation.interac.ca\\\/fr\\\/\",\"name\":\"Innovation Hub\",\"description\":\"Innovation Hub\",\"publisher\":{\"@id\":\"https:\\\/\\\/innovation.interac.ca\\\/fr\\\/#organization\"},\"potentialAction\":[{\"@type\":\"SearchAction\",\"target\":{\"@type\":\"EntryPoint\",\"urlTemplate\":\"https:\\\/\\\/innovation.interac.ca\\\/fr\\\/?s={search_term_string}\"},\"query-input\":{\"@type\":\"PropertyValueSpecification\",\"valueRequired\":true,\"valueName\":\"search_term_string\"}}],\"inLanguage\":\"fr-FR\"},{\"@type\":\"Organization\",\"@id\":\"https:\\\/\\\/innovation.interac.ca\\\/fr\\\/#organization\",\"name\":\"Interac\",\"url\":\"https:\\\/\\\/innovation.interac.ca\\\/fr\\\/\",\"logo\":{\"@type\":\"ImageObject\",\"inLanguage\":\"fr-FR\",\"@id\":\"https:\\\/\\\/innovation.interac.ca\\\/fr\\\/#\\\/schema\\\/logo\\\/image\\\/\",\"url\":\"https:\\\/\\\/innovation.interac.ca\\\/wp-content\\\/uploads\\\/2023\\\/11\\\/Interac_TwoColour_RGB.png\",\"contentUrl\":\"https:\\\/\\\/innovation.interac.ca\\\/wp-content\\\/uploads\\\/2023\\\/11\\\/Interac_TwoColour_RGB.png\",\"width\":2210,\"height\":2210,\"caption\":\"Interac\"},\"image\":{\"@id\":\"https:\\\/\\\/innovation.interac.ca\\\/fr\\\/#\\\/schema\\\/logo\\\/image\\\/\"},\"sameAs\":[\"https:\\\/\\\/www.facebook.com\\\/interac\",\"https:\\\/\\\/x.com\\\/interac\",\"https:\\\/\\\/www.youtube.com\\\/user\\\/InteracBrand\",\"https:\\\/\\\/www.linkedin.com\\\/company\\\/interac-corp\\\/\",\"https:\\\/\\\/www.instagram.com\\\/interac\\\/\"]}]}<\/script>\n<!-- \/ Yoast SEO Premium plugin. -->","yoast_head_json":{"title":"Innovation Hub - Utilisateur : Guide d\u2019inscription et d\u2019ouverture de session","robots":{"index":"index","follow":"follow","max-snippet":"max-snippet:-1","max-image-preview":"max-image-preview:large","max-video-preview":"max-video-preview:-1"},"canonical":"https:\/\/innovation.interac.ca\/fr\/guides\/","og_locale":"fr_FR","og_type":"article","og_title":"Guides","og_url":"https:\/\/innovation.interac.ca\/fr\/guides\/","og_site_name":"Innovation Hub","article_publisher":"https:\/\/www.facebook.com\/interac","article_modified_time":"2025-07-18T18:42:06+00:00","twitter_card":"summary_large_image","twitter_site":"@interac","twitter_misc":{"Dur\u00e9e de lecture estim\u00e9e":"1 minute"},"schema":{"@context":"https:\/\/schema.org","@graph":[{"@type":"WebPage","@id":"https:\/\/innovation.interac.ca\/fr\/guides\/","url":"https:\/\/innovation.interac.ca\/fr\/guides\/","name":"Guides - Innovation Hub","isPartOf":{"@id":"https:\/\/innovation.interac.ca\/fr\/#website"},"datePublished":"2024-07-08T14:53:39+00:00","dateModified":"2025-07-18T18:42:06+00:00","breadcrumb":{"@id":"https:\/\/innovation.interac.ca\/fr\/guides\/#breadcrumb"},"inLanguage":"fr-FR","potentialAction":[{"@type":"ReadAction","target":["https:\/\/innovation.interac.ca\/fr\/guides\/"]}]},{"@type":"BreadcrumbList","@id":"https:\/\/innovation.interac.ca\/fr\/guides\/#breadcrumb","itemListElement":[{"@type":"ListItem","position":1,"name":"Home","item":"https:\/\/innovation.interac.ca\/fr\/"},{"@type":"ListItem","position":2,"name":"Guides"}]},{"@type":"WebSite","@id":"https:\/\/innovation.interac.ca\/fr\/#website","url":"https:\/\/innovation.interac.ca\/fr\/","name":"Innovation Hub","description":"Innovation Hub","publisher":{"@id":"https:\/\/innovation.interac.ca\/fr\/#organization"},"potentialAction":[{"@type":"SearchAction","target":{"@type":"EntryPoint","urlTemplate":"https:\/\/innovation.interac.ca\/fr\/?s={search_term_string}"},"query-input":{"@type":"PropertyValueSpecification","valueRequired":true,"valueName":"search_term_string"}}],"inLanguage":"fr-FR"},{"@type":"Organization","@id":"https:\/\/innovation.interac.ca\/fr\/#organization","name":"Interac","url":"https:\/\/innovation.interac.ca\/fr\/","logo":{"@type":"ImageObject","inLanguage":"fr-FR","@id":"https:\/\/innovation.interac.ca\/fr\/#\/schema\/logo\/image\/","url":"https:\/\/innovation.interac.ca\/wp-content\/uploads\/2023\/11\/Interac_TwoColour_RGB.png","contentUrl":"https:\/\/innovation.interac.ca\/wp-content\/uploads\/2023\/11\/Interac_TwoColour_RGB.png","width":2210,"height":2210,"caption":"Interac"},"image":{"@id":"https:\/\/innovation.interac.ca\/fr\/#\/schema\/logo\/image\/"},"sameAs":["https:\/\/www.facebook.com\/interac","https:\/\/x.com\/interac","https:\/\/www.youtube.com\/user\/InteracBrand","https:\/\/www.linkedin.com\/company\/interac-corp\/","https:\/\/www.instagram.com\/interac\/"]}]}},"_links":{"self":[{"href":"https:\/\/innovation.interac.ca\/fr\/wp-json\/wp\/v2\/pages\/13169","targetHints":{"allow":["GET"]}}],"collection":[{"href":"https:\/\/innovation.interac.ca\/fr\/wp-json\/wp\/v2\/pages"}],"about":[{"href":"https:\/\/innovation.interac.ca\/fr\/wp-json\/wp\/v2\/types\/page"}],"author":[{"embeddable":true,"href":"https:\/\/innovation.interac.ca\/fr\/wp-json\/wp\/v2\/users\/37"}],"replies":[{"embeddable":true,"href":"https:\/\/innovation.interac.ca\/fr\/wp-json\/wp\/v2\/comments?post=13169"}],"version-history":[{"count":0,"href":"https:\/\/innovation.interac.ca\/fr\/wp-json\/wp\/v2\/pages\/13169\/revisions"}],"wp:attachment":[{"href":"https:\/\/innovation.interac.ca\/fr\/wp-json\/wp\/v2\/media?parent=13169"}],"curies":[{"name":"wp","href":"https:\/\/api.w.org\/{rel}","templated":true}]}}